{"id":3,"date":"2022-05-23T10:08:16","date_gmt":"2022-05-23T10:08:16","guid":{"rendered":"https:\/\/c-disk.minchev-design.com\/?page_id=3"},"modified":"2022-06-28T12:40:47","modified_gmt":"2022-06-28T12:40:47","slug":"privacy-policy","status":"publish","type":"page","link":"https:\/\/c-disk.eu\/sl\/privacy-policy\/","title":{"rendered":"Politika zasebnosti"},"content":{"rendered":"<h2 class=\"wp-block-heading\">Kdo smo<\/h2>\n\n\n\n<p><strong class=\"privacy-policy-tutorial\">Predlagano besedilo: <\/strong>Na\u0161 spletni naslov je: https:\/\/c-disk.eu.<\/p>\n\n\n\n<h2 class=\"wp-block-heading\">Komentarji<\/h2>\n\n\n\n<p><strong class=\"privacy-policy-tutorial\">Predlagano besedilo: <\/strong>Ko obiskovalci pustijo komentarje na spletnem mestu, zberemo podatke, prikazane v obrazcu za komentarje, ter tudi naslov IP obiskovalca in niz uporabni\u0161kega agenta brskalnika za pomo\u010d pri odkrivanju ne\u017eelene po\u0161te.<\/p>\n\n\n\n<p>Anonimiziran niz, ustvarjen iz va\u0161ega e-po\u0161tnega naslova (imenovan tudi zgo\u0161\u010dena vrednost), se lahko posreduje storitvi Gravatar, da preveri, ali ga uporabljate. Politika zasebnosti storitve Gravatar je na voljo tukaj: https:\/\/automattic.com\/privacy\/. Po odobritvi va\u0161ega komentarja je va\u0161a profilna slika vidna javnosti v kontekstu va\u0161ega komentarja.<\/p>\n\n\n\n<h2 class=\"wp-block-heading\">Mediji<\/h2>\n\n\n\n<p><strong class=\"privacy-policy-tutorial\">Predlagano besedilo: <\/strong>\u010ce nalagate slike na spletno mesto, se izogibajte nalaganju slik z vklju\u010denimi vdelanimi podatki o lokaciji (EXIF GPS). Obiskovalci spletnega mesta lahko prenesejo in izvle\u010dejo vse podatke o lokaciji iz slik na spletnem mestu.<\/p>\n\n\n\n<h2 class=\"wp-block-heading\">Pi\u0161kotki<\/h2>\n\n\n\n<p><strong class=\"privacy-policy-tutorial\">Predlagano besedilo: <\/strong>\u010ce pustite komentar na na\u0161em spletnem mestu, se lahko odlo\u010dite za shranjevanje va\u0161ega imena, e-po\u0161tnega naslova in spletnega mesta v pi\u0161kotkih. To je za va\u0161e udobje, tako da vam ni treba znova vna\u0161ati svojih podatkov, ko pustite nov komentar. Ti pi\u0161kotki bodo trajali eno leto.<\/p>\n\n\n\n<p>\u010ce obi\u0161\u010dete na\u0161o prijavno stran, bomo nastavili za\u010dasni pi\u0161kotek, da ugotovimo, ali va\u0161 brskalnik sprejema pi\u0161kotke. Ta pi\u0161kotek ne vsebuje osebnih podatkov in se zavr\u017ee, ko zaprete brskalnik.<\/p>\n\n\n\n<p>Ko se prijavite, bomo nastavili tudi ve\u010d pi\u0161kotkov, da shranimo va\u0161e podatke za prijavo in va\u0161e izbire prikaza na zaslonu. Pi\u0161kotki za prijavo trajajo dva dni, pi\u0161kotki z mo\u017enostmi zaslona pa eno leto. \u010ce izberete \u00bbZapomni si me\u00ab, bo va\u0161a prijava vztrajala dva tedna. \u010ce se odjavite iz svojega ra\u010duna, bodo prijavni pi\u0161kotki odstranjeni.<\/p>\n\n\n\n<p>\u010ce uredite ali objavite \u010dlanek, se v va\u0161 brskalnik shrani dodaten pi\u0161kotek. Ta pi\u0161kotek ne vklju\u010duje nobenih osebnih podatkov in samo ozna\u010duje ID objave \u010dlanka, ki ste ga pravkar uredili. Pote\u010de po 1 dnevu.<\/p>\n\n\n\n<h2 class=\"wp-block-heading\">Vdelana vsebina z drugih spletnih mest<\/h2>\n\n\n\n<p><strong class=\"privacy-policy-tutorial\">Predlagano besedilo: <\/strong>\u010clanki na tem spletnem mestu lahko vklju\u010dujejo vdelano vsebino (npr. videe, slike, \u010dlanke itd.). Vdelana vsebina z drugih spletnih mest se obna\u0161a na povsem enak na\u010din, kot \u010de bi obiskovalec obiskal drugo spletno mesto.<\/p>\n\n\n\n<p>Ta spletna mesta lahko zbirajo podatke o vas, uporabljajo pi\u0161kotke, vdelajo dodatno sledenje tretjih oseb in spremljajo va\u0161o interakcijo s to vdelano vsebino, vklju\u010dno s sledenjem va\u0161i interakciji z vdelano vsebino, \u010de imate ra\u010dun in ste prijavljeni na to spletno mesto.<\/p>\n\n\n\n<h2 class=\"wp-block-heading\">S kom delimo va\u0161e podatke<\/h2>\n\n\n\n<p><strong class=\"privacy-policy-tutorial\">Predlagano besedilo: <\/strong>\u010ce zahtevate ponastavitev gesla, bo va\u0161 naslov IP vklju\u010den v e-po\u0161tno sporo\u010dilo za ponastavitev.<\/p>\n\n\n\n<h2 class=\"wp-block-heading\">Kako dolgo hranimo va\u0161e podatke<\/h2>\n\n\n\n<p><strong class=\"privacy-policy-tutorial\">Predlagano besedilo: <\/strong>\u010ce pustite komentar, se komentar in njegovi metapodatki hranijo za nedolo\u010den \u010das. To je zato, da lahko samodejno prepoznamo in odobrimo nadaljnje komentarje, namesto da jih zadr\u017eimo v \u010dakalni vrsti za moderiranje.<\/p>\n\n\n\n<p>Za uporabnike, ki se registrirajo na na\u0161i spletni strani (\u010de obstajajo), hranimo tudi osebne podatke, ki jih posredujejo v svojem uporabni\u0161kem profilu. Vsi uporabniki lahko kadar koli vidijo, uredijo ali izbri\u0161ejo svoje osebne podatke (le da ne morejo spremeniti uporabni\u0161kega imena). Skrbniki spletnega mesta lahko tudi vidijo in urejajo te podatke.<\/p>\n\n\n\n<h2 class=\"wp-block-heading\">Kak\u0161ne pravice imate do svojih podatkov<\/h2>\n\n\n\n<p><strong class=\"privacy-policy-tutorial\">Predlagano besedilo: <\/strong>\u010ce imate ra\u010dun na tem spletnem mestu ali ste pustili komentarje, lahko zahtevate prejem izvo\u017eene datoteke osebnih podatkov, ki jih imamo o vas, vklju\u010dno z vsemi podatki, ki ste nam jih posredovali. Prav tako lahko zahtevate, da izbri\u0161emo vse osebne podatke, ki jih imamo o vas. To ne vklju\u010duje nobenih podatkov, ki smo jih dol\u017eni hraniti za administrativne, pravne ali varnostne namene.<\/p>\n\n\n\n<h2 class=\"wp-block-heading\">Kam po\u0161iljamo va\u0161e podatke<\/h2>\n\n\n\n<p><strong class=\"privacy-policy-tutorial\">Predlagano besedilo: <\/strong>Komentarje obiskovalcev je mogo\u010de preveriti prek storitve avtomatiziranega zaznavanja ne\u017eelene po\u0161te.<\/p>","protected":false},"excerpt":{"rendered":"<p>Kdo smo Predlagano besedilo: Na\u0161 spletni naslov je: https:\/\/c-disk.eu. Komentarji Predlagano besedilo: Ko obiskovalci pustijo komentarje na spletnem mestu, zberemo podatke, prikazane v obrazcu za komentarje, ter tudi naslov IP obiskovalca in niz uporabni\u0161kega agenta brskalnika za pomo\u010d pri odkrivanju ne\u017eelene po\u0161te. Anonimiziran niz, ustvarjen iz va\u0161ega e-po\u0161tnega naslova (imenovan tudi ...<\/p>","protected":false},"author":1,"featured_media":0,"parent":0,"menu_order":0,"comment_status":"closed","ping_status":"open","template":"","meta":{"_kad_blocks_custom_css":"","_kad_blocks_head_custom_js":"","_kad_blocks_body_custom_js":"","_kad_blocks_footer_custom_js":"","_kad_post_transparent":"","_kad_post_title":"","_kad_post_layout":"","_kad_post_sidebar_id":"","_kad_post_content_style":"","_kad_post_vertical_padding":"","_kad_post_feature":"","_kad_post_feature_position":"","_kad_post_header":false,"_kad_post_footer":false,"_kad_post_classname":"","footnotes":""},"class_list":["post-3","page","type-page","status-publish","hentry"],"taxonomy_info":[],"featured_image_src_large":false,"author_info":{"display_name":"Svetoslav Minchev","author_link":"https:\/\/c-disk.eu\/sl\/author\/admin_o3dbrpie\/"},"comment_info":0,"_links":{"self":[{"href":"https:\/\/c-disk.eu\/sl\/wp-json\/wp\/v2\/pages\/3","targetHints":{"allow":["GET"]}}],"collection":[{"href":"https:\/\/c-disk.eu\/sl\/wp-json\/wp\/v2\/pages"}],"about":[{"href":"https:\/\/c-disk.eu\/sl\/wp-json\/wp\/v2\/types\/page"}],"author":[{"embeddable":true,"href":"https:\/\/c-disk.eu\/sl\/wp-json\/wp\/v2\/users\/1"}],"replies":[{"embeddable":true,"href":"https:\/\/c-disk.eu\/sl\/wp-json\/wp\/v2\/comments?post=3"}],"version-history":[{"count":1,"href":"https:\/\/c-disk.eu\/sl\/wp-json\/wp\/v2\/pages\/3\/revisions"}],"predecessor-version":[{"id":1880,"href":"https:\/\/c-disk.eu\/sl\/wp-json\/wp\/v2\/pages\/3\/revisions\/1880"}],"wp:attachment":[{"href":"https:\/\/c-disk.eu\/sl\/wp-json\/wp\/v2\/media?parent=3"}],"curies":[{"name":"delovni list","href":"https:\/\/api.w.org\/{rel}","templated":true}]}}